{"id":3,"date":"2024-09-15T14:29:00","date_gmt":"2024-09-15T12:29:00","guid":{"rendered":"https:\/\/smartmx.de\/?page_id=3"},"modified":"2024-10-26T17:38:46","modified_gmt":"2024-10-26T15:38:46","slug":"datenschutzerklaerung","status":"publish","type":"page","link":"https:\/\/smartmx.de\/?page_id=3","title":{"rendered":"Datenschutzerkl\u00e4rung"},"content":{"rendered":"\n<p><\/p>\n\n\n\n<div class=\"wp-block-columns is-layout-flex wp-container-core-columns-is-layout-9d6595d7 wp-block-columns-is-layout-flex\">\n<div class=\"wp-block-column is-layout-flow wp-block-column-is-layout-flow\">\n<p class=\"has-contrast-3-color has-text-color has-link-color wp-elements-174508adb51dcbdb5b09f0852622e7d2\">Wer wir sind<\/p>\n\n\n\n<p>Die Adresse unserer Website ist: https:\/\/smartmx.de<\/p>\n\n\n\n<p class=\"has-contrast-3-color has-text-color has-link-color wp-elements-72af29944407a3317d4bf5b510dd2a65\">Kommentare<\/p>\n\n\n\n<p>Es werden keine Kommentare erfasst und verarbeitet.<\/p>\n\n\n\n<p class=\"has-contrast-3-color has-text-color has-link-color wp-elements-c1e623da653f8f48473a6c096f70904c\">Medien<\/p>\n\n\n\n<p>Es werden keine Medien erfasst und verarbeitet.<\/p>\n<\/div>\n\n\n\n<div class=\"wp-block-column is-layout-flow wp-block-column-is-layout-flow\">\n<p class=\"has-contrast-3-color has-text-color has-link-color wp-elements-6ac3e6f7b65f95ef2c1dcc57e63d6414\">Cookies<\/p>\n\n\n\n<p>Es werden keine Cookies erfasst und verarbeitet.<\/p>\n\n\n\n<p class=\"has-contrast-3-color has-text-color has-link-color wp-elements-58804503c3b7687d50c2366e5bf1a389\">Eingebettete Inhalte von anderen Websites<\/p>\n\n\n\n<p>Es werden keine eingebetteten Inhalte verwendet.<\/p>\n\n\n\n<p class=\"has-contrast-3-color has-text-color has-link-color wp-elements-372fcce9dfa6c921fdef5fc30c396773\">Mit wem wir Ihre Daten teilen<\/p>\n\n\n\n<p>Es werden keine Daten geteilt.<\/p>\n<\/div>\n\n\n\n<div class=\"wp-block-column is-layout-flow wp-block-column-is-layout-flow\">\n<p class=\"has-contrast-3-color has-text-color has-link-color wp-elements-ea2f8d285c62b880764a4c004713a3dd\">Wie lange wir Ihre Daten speichern<\/p>\n\n\n\n<p>E-Mails werden gesch\u00e4fts\u00fcblich f\u00fcr 10 Jahre gespeichert.<\/p>\n\n\n\n<p class=\"has-contrast-3-color has-text-color has-link-color wp-elements-fa0f47852194784e82b8fbaf18cb7113\">Welche Rechte Sie an Ihren Daten haben<\/p>\n\n\n\n<p>Da keine Nutzerdaten gespeichert werden, sind keine besonderen Rechte erforderlich.<\/p>\n\n\n\n<p class=\"has-contrast-3-color has-text-color has-link-color wp-elements-83dc7ae74b8b8739195033bb51178156\">Wohin Ihre Daten gesendet werden<\/p>\n\n\n\n<p>Es werden keine Daten versendet.<\/p>\n<\/div>\n<\/div>\n\n\n\n<p><\/p>\n","protected":false},"excerpt":{"rendered":"<p>Wer wir sind Die Adresse unserer Website ist: https:\/\/smartmx.de Kommentare Es werden keine Kommentare erfasst und verarbeitet. Medien Es werden keine Medien erfasst und verarbeitet. Cookies Es werden keine Cookies erfasst und verarbeitet. Eingebettete Inhalte von anderen Websites Es werden keine eingebetteten Inhalte verwendet. Mit wem wir Ihre Daten teilen Es werden keine Daten geteilt. &#8230; <a title=\"Datenschutzerkl\u00e4rung\" class=\"read-more\" href=\"https:\/\/smartmx.de\/?page_id=3\" aria-label=\"Mehr Informationen \u00fcber Datenschutzerkl\u00e4rung\">Weiterlesen<\/a><\/p>\n","protected":false},"author":1,"featured_media":0,"parent":0,"menu_order":0,"comment_status":"closed","ping_status":"open","template":"","meta":{"footnotes":""},"class_list":["post-3","page","type-page","status-publish"],"_links":{"self":[{"href":"https:\/\/smartmx.de\/index.php?rest_route=\/wp\/v2\/pages\/3","targetHints":{"allow":["GET"]}}],"collection":[{"href":"https:\/\/smartmx.de\/index.php?rest_route=\/wp\/v2\/pages"}],"about":[{"href":"https:\/\/smartmx.de\/index.php?rest_route=\/wp\/v2\/types\/page"}],"author":[{"embeddable":true,"href":"https:\/\/smartmx.de\/index.php?rest_route=\/wp\/v2\/users\/1"}],"replies":[{"embeddable":true,"href":"https:\/\/smartmx.de\/index.php?rest_route=%2Fwp%2Fv2%2Fcomments&post=3"}],"version-history":[{"count":9,"href":"https:\/\/smartmx.de\/index.php?rest_route=\/wp\/v2\/pages\/3\/revisions"}],"predecessor-version":[{"id":133,"href":"https:\/\/smartmx.de\/index.php?rest_route=\/wp\/v2\/pages\/3\/revisions\/133"}],"wp:attachment":[{"href":"https:\/\/smartmx.de\/index.php?rest_route=%2Fwp%2Fv2%2Fmedia&parent=3"}],"curies":[{"name":"wp","href":"https:\/\/api.w.org\/{rel}","templated":true}]}}